{"id":63,"date":"2023-11-10T22:37:43","date_gmt":"2023-11-10T21:37:43","guid":{"rendered":"https:\/\/thisgusthing.fr\/?page_id=63"},"modified":"2026-03-19T21:23:21","modified_gmt":"2026-03-19T20:23:21","slug":"espace-pro","status":"publish","type":"page","link":"https:\/\/thisgusthing.fr\/index.php\/espace-pro\/","title":{"rendered":"ESPACE PRO"},"content":{"rendered":"<div class=\"wp-block-image is-style-rounded\">\n<figure class=\"aligncenter size-full is-resized\"><img loading=\"lazy\" decoding=\"async\" width=\"2560\" height=\"993\" src=\"https:\/\/thisgusthing.fr\/wp-content\/uploads\/2023\/11\/20231111_174814-scaled.jpg\" alt=\"\" class=\"wp-image-78\" style=\"width:400px\" srcset=\"https:\/\/thisgusthing.fr\/wp-content\/uploads\/2023\/11\/20231111_174814-scaled.jpg 2560w, https:\/\/thisgusthing.fr\/wp-content\/uploads\/2023\/11\/20231111_174814-300x116.jpg 300w, https:\/\/thisgusthing.fr\/wp-content\/uploads\/2023\/11\/20231111_174814-1024x397.jpg 1024w, https:\/\/thisgusthing.fr\/wp-content\/uploads\/2023\/11\/20231111_174814-768x298.jpg 768w, https:\/\/thisgusthing.fr\/wp-content\/uploads\/2023\/11\/20231111_174814-1536x596.jpg 1536w, https:\/\/thisgusthing.fr\/wp-content\/uploads\/2023\/11\/20231111_174814-2048x795.jpg 2048w\" sizes=\"auto, (max-width: 2560px) 100vw, 2560px\" \/><\/figure>\n<\/div>\n\n\n<h2 class=\"wp-block-heading\">Bio<\/h2>\n\n\n\n<div class=\"wp-block-buttons is-layout-flex wp-block-buttons-is-layout-flex\">\n<div class=\"wp-block-button\"><a class=\"wp-block-button__link wp-element-button\" href=\"http:\/\/bio.thisgusthing.fr\" target=\"_blank\" rel=\"noreferrer noopener\">T\u00e9l\u00e9charger bio<\/a><\/div>\n<\/div>\n\n\n\n<h2 class=\"wp-block-heading\">Fiche Technique<\/h2>\n\n\n\n<div class=\"wp-block-buttons is-layout-flex wp-block-buttons-is-layout-flex\">\n<div class=\"wp-block-button\"><a class=\"wp-block-button__link wp-element-button\" href=\"http:\/\/fiche-technique.thisgusthing.fr\/\">T\u00e9l\u00e9charger fiche technique<\/a><\/div>\n<\/div>\n\n\n\n<h2 class=\"wp-block-heading\">Rider<\/h2>\n\n\n\n<div class=\"wp-block-buttons is-layout-flex wp-block-buttons-is-layout-flex\">\n<div class=\"wp-block-button\"><a class=\"wp-block-button__link wp-element-button\" href=\"http:\/\/rider.thisgusthing.fr\/\">t\u00e9l\u00e9charger rider<\/a><\/div>\n<\/div>\n\n\n\n<h2 class=\"wp-block-heading\">Linktree<\/h2>\n\n\n\n<div class=\"wp-block-buttons is-layout-flex wp-block-buttons-is-layout-flex\">\n<div class=\"wp-block-button\"><a class=\"wp-block-button__link wp-element-button\" href=\"http:\/\/linktree.thisgusthing.fr\">LINKTREE<\/a><\/div>\n<\/div>\n\n\n\n<h2 class=\"wp-block-heading\">Profil Linkaband<\/h2>\n\n\n\n<p><a href=\"https:\/\/linkaband.com\/this-gus-thing\">https:\/\/linkaband.com\/this-gus-thing<\/a><\/p>\n\n\n\n<h2 class=\"wp-block-heading\">Ils parlent de nous&#8230;<\/h2>\n\n\n\n<p><\/p>\n\n\n\n<blockquote class=\"wp-block-quote is-layout-flow wp-block-quote-is-layout-flow\">\n<p>\u201cAvec ses 8 musiciens, This Gus Thing sait capter son public et installer une ambiance festive tout au long de son concert.<\/p>\n\n\n\n<p>Le chant et les cuivres apportent la touche essentielle \u00e0 leur musique ind\u00e9niablement Funk, a\u00e9rienne, envo\u00fbtante, dansante !<\/p>\n\n\n\n<p>Les compositions sont de grande qualit\u00e9, les arrangements dynamiques et pr\u00e9cis.<\/p>\n\n\n\n<p>Un groupe tonitruant d\u00e9gageant, en plus, une grande sympathie.\u201d<\/p>\n\n\n\n<p>Didier (Festival Freesons 2023)<\/p>\n<\/blockquote>\n","protected":false},"excerpt":{"rendered":"<p>Bio Fiche Technique Rider Linktree Profil Linkaband https:\/\/linkaband.com\/this-gus-thing Ils parlent de nous&#8230; \u201cAvec ses 8 musiciens, This Gus Thing sait capter son public et installer une ambiance festive tout au long de son concert. Le chant et les cuivres apportent la touche essentielle \u00e0 leur musique ind\u00e9niablement Funk, a\u00e9rienne, envo\u00fbtante, dansante ! Les compositions sont &hellip; <a href=\"https:\/\/thisgusthing.fr\/index.php\/espace-pro\/\" class=\"more-link\">Continue reading <span class=\"screen-reader-text\">ESPACE PRO<\/span> <span class=\"meta-nav\">&rarr;<\/span><\/a><\/p>\n","protected":false},"author":1,"featured_media":0,"parent":0,"menu_order":0,"comment_status":"closed","ping_status":"closed","template":"","meta":{"footnotes":""},"class_list":["post-63","page","type-page","status-publish","hentry"],"_links":{"self":[{"href":"https:\/\/thisgusthing.fr\/index.php\/wp-json\/wp\/v2\/pages\/63","targetHints":{"allow":["GET"]}}],"collection":[{"href":"https:\/\/thisgusthing.fr\/index.php\/wp-json\/wp\/v2\/pages"}],"about":[{"href":"https:\/\/thisgusthing.fr\/index.php\/wp-json\/wp\/v2\/types\/page"}],"author":[{"embeddable":true,"href":"https:\/\/thisgusthing.fr\/index.php\/wp-json\/wp\/v2\/users\/1"}],"replies":[{"embeddable":true,"href":"https:\/\/thisgusthing.fr\/index.php\/wp-json\/wp\/v2\/comments?post=63"}],"version-history":[{"count":17,"href":"https:\/\/thisgusthing.fr\/index.php\/wp-json\/wp\/v2\/pages\/63\/revisions"}],"predecessor-version":[{"id":258,"href":"https:\/\/thisgusthing.fr\/index.php\/wp-json\/wp\/v2\/pages\/63\/revisions\/258"}],"wp:attachment":[{"href":"https:\/\/thisgusthing.fr\/index.php\/wp-json\/wp\/v2\/media?parent=63"}],"curies":[{"name":"wp","href":"https:\/\/api.w.org\/{rel}","templated":true}]}}